{"id":45,"date":"2017-12-18T10:40:51","date_gmt":"2017-12-18T10:40:51","guid":{"rendered":"http:\/\/ny.loneschulz.dk\/?page_id=45"},"modified":"2026-04-19T19:46:21","modified_gmt":"2026-04-19T17:46:21","slug":"aktuelt2","status":"publish","type":"page","link":"https:\/\/www.loneschulz.dk\/?page_id=45","title":{"rendered":"Udstillinger"},"content":{"rendered":"<p><strong>Kommende udstilling:<br \/>\n<\/strong>&#8211; Art7 udstiller i Fuglsanghus 30. maj \u2013 21. juni 2026. Fernisering 30. maj kl. 14-16<\/p>\n<style type=\"text\/css\" scoped>.rbs_gallery_6a04625de35dbSpinner{\r\n\t\t\t\tmargin: 50px auto;\r\n\t\t\t\twidth: 50px;\r\n\t\t\t\theight: 40px;\r\n\t\t\t\ttext-align: center;\r\n\t\t\t\tfont-size: 10px;\r\n\t\t\t}\r\n\t\t\t.rbs_gallery_6a04625de35dbSpinner > div{\r\n\t\t\t  background-color: #333;\r\n\t\t\t  height: 100%;\r\n\t\t\t  width: 6px;\r\n\t\t\t  display: inline-block;\r\n\t\t\t  -webkit-animation: rbs_gallery_6a04625de35db-stretchdelay 1.2s infinite ease-in-out;\r\n\t\t\t  animation: rbs_gallery_6a04625de35db-stretchdelay 1.2s infinite ease-in-out;\r\n\t\t\t}\r\n\t\t\t.rbs_gallery_6a04625de35dbSpinner .rbs_gallery_6a04625de35dbRect2 {\r\n\t\t\t  -webkit-animation-delay: -1.1s;\r\n\t\t\t  animation-delay: -1.1s;\r\n\t\t\t}\r\n\t\t\t.rbs_gallery_6a04625de35dbSpinner .rbs_gallery_6a04625de35dbRect3 {\r\n\t\t\t  -webkit-animation-delay: -1.0s;\r\n\t\t\t  animation-delay: -1.0s;\r\n\t\t\t}\r\n\t\t\t.rbs_gallery_6a04625de35dbSpinner .rbs_gallery_6a04625de35dbRect4 {\r\n\t\t\t  -webkit-animation-delay: -0.9s;\r\n\t\t\t  animation-delay: -0.9s;\r\n\t\t\t}\r\n\t\t\t.rbs_gallery_6a04625de35dbSpinner .rbs_gallery_6a04625de35dbRect5 {\r\n\t\t\t  -webkit-animation-delay: -0.8s;\r\n\t\t\t  animation-delay: -0.8s;\r\n\t\t\t}\r\n\t\t\t@-webkit-keyframes rbs_gallery_6a04625de35db-stretchdelay {\r\n\t\t\t  0%, 40%, 100% { -webkit-transform: scaleY(0.4) }  \r\n\t\t\t  20% { -webkit-transform: scaleY(1.0) }\r\n\t\t\t}\r\n\t\t\t@keyframes rbs_gallery_6a04625de35db-stretchdelay {\r\n\t\t\t  0%, 40%, 100% { \r\n\t\t\t    transform: scaleY(0.4);\r\n\t\t\t    -webkit-transform: scaleY(0.4);\r\n\t\t\t  }  20% { \r\n\t\t\t    transform: scaleY(1.0);\r\n\t\t\t    -webkit-transform: scaleY(1.0);\r\n\t\t\t  }\r\n\t\t\t}\r\n\t\t<\/style><div class=\"robo-gallery-wrap robo-gallery-wrap-id427 robo-gallery-grid\" ><div id=\"rbs_gallery_6a04625de35db-block-loader\" class=\"rbs_gallery_6a04625de35dbSpinner\"><div class=\"rbs_gallery_6a04625de35dbRect1\"><\/div> <div class=\"rbs_gallery_6a04625de35dbRect2\"><\/div> <div class=\"rbs_gallery_6a04625de35dbRect3\"><\/div> <div class=\"rbs_gallery_6a04625de35dbRect4\"><\/div> <div class=\"rbs_gallery_6a04625de35dbRect5\"><\/div><\/div><div id=\"robo_gallery_main_block_rbs_gallery_6a04625de35db\" class=\"robogallery-gallery-427\" style=\"width:100%;margin:0 auto;  display: none;\"><div id=\"rbs_gallery_6a04625de35db\" data-options=\"rbs_gallery_6a04625de35db\" style=\"width:100%;\" class=\"robo_gallery  \"><div class=\"rbs-img  category427 \" ><div class=\"rbs-img-image   rbs-lightbox \" ><div class=\"rbs-img-thumbs\"  data-thumbnail=\"https:\/\/www.loneschulz.dk\/wp-content\/uploads\/2026\/04\/ART7-plakat-maj-2026_page-0001-725x1024.jpg\"  title=\"ART7 plakat maj 2026\"  data-width=\"474\"  data-height=\"669\" ><\/div><div class=\"rbs-img-data-popup\"  data-popup=\"https:\/\/www.loneschulz.dk\/wp-content\/uploads\/2026\/04\/ART7-plakat-maj-2026_page-0001.jpg\"  title=\"ART7 plakat maj 2026\" ><\/div><div class=\"thumbnail-overlay\"><div class=\"rbsTitle \">ART7 plakat maj 2026<\/div><div class=\"rbsIcons\"><i class=\"fa fa-search-plus rbsZoomIcon \" ><\/i><\/div><\/div><\/div><\/div><div class=\"rbs-img  category427 \" ><div class=\"rbs-img-image   rbs-lightbox \" ><div class=\"rbs-img-thumbs\"  data-thumbnail=\"https:\/\/www.loneschulz.dk\/wp-content\/uploads\/2026\/02\/Bro-i-Aldershvile-Slotspark-4-2015-2025-1024x838.jpg\"  title=\"Bro i Aldershvile Slotspark 4, 2015 + 2025\"  data-width=\"474\"  data-height=\"388\" ><\/div><div class=\"rbs-img-data-popup\"  data-popup=\"https:\/\/www.loneschulz.dk\/wp-content\/uploads\/2026\/02\/Bro-i-Aldershvile-Slotspark-4-2015-2025.jpg\"  title=\"Bro i Aldershvile Slotspark 4, 2015 + 2025\" ><\/div><div class=\"thumbnail-overlay\"><div class=\"rbsTitle \">Bro i Aldershvile Slotspark 4, 2015 + 2025<\/div><div class=\"rbsIcons\"><i class=\"fa fa-search-plus rbsZoomIcon \" ><\/i><\/div><\/div><\/div><\/div><div class=\"rbs-img  category427 \" ><div class=\"rbs-img-image   rbs-lightbox \" ><div class=\"rbs-img-thumbs\"  data-thumbnail=\"https:\/\/www.loneschulz.dk\/wp-content\/uploads\/2026\/02\/Bro-i-Aldershvile-Slotspark-3-2014-15-25-1024x841.jpg\"  title=\"Bro i Aldershvile Slotspark 3, 2014-15 +25\"  data-width=\"474\"  data-height=\"389\" ><\/div><div class=\"rbs-img-data-popup\"  data-popup=\"https:\/\/www.loneschulz.dk\/wp-content\/uploads\/2026\/02\/Bro-i-Aldershvile-Slotspark-3-2014-15-25.jpg\"  title=\"Bro i Aldershvile Slotspark 3, 2014-15 +25\" ><\/div><div class=\"thumbnail-overlay\"><div class=\"rbsTitle \">Bro i Aldershvile Slotspark 3, 2014-15 +25<\/div><div class=\"rbsIcons\"><i class=\"fa fa-search-plus rbsZoomIcon \" ><\/i><\/div><\/div><\/div><\/div><div class=\"rbs-img  category427 \" ><div class=\"rbs-img-image   rbs-lightbox \" ><div class=\"rbs-img-thumbs\"  data-thumbnail=\"https:\/\/www.loneschulz.dk\/wp-content\/uploads\/2026\/02\/Sti-til-soe-2024-25-1024x784.jpg\"  title=\"Sti til s\u00f8, 2024-25\"  data-width=\"474\"  data-height=\"363\" ><\/div><div class=\"rbs-img-data-popup\"  data-popup=\"https:\/\/www.loneschulz.dk\/wp-content\/uploads\/2026\/02\/Sti-til-soe-2024-25.jpg\"  title=\"Sti til s\u00f8, 2024-25\" ><\/div><div class=\"thumbnail-overlay\"><div class=\"rbsTitle \">Sti til s\u00f8, 2024-25<\/div><div class=\"rbsIcons\"><i class=\"fa fa-search-plus rbsZoomIcon \" ><\/i><\/div><\/div><\/div><\/div><\/div><\/div><\/div><script>var rbs_gallery_6a04625de35db = {\"version\":\"5.1.4\",\"id\":427,\"class\":\"id427\",\"roboGalleryDelay\":1000,\"mainContainer\":\"#robo_gallery_main_block_rbs_gallery_6a04625de35db\",\"loadingContainer\":\"#rbs_gallery_6a04625de35db-block-loader\",\"loadingContainerObj\":\"rbs_gallery_6a04625de35db-block-loader\",\"columnWidth\":\"auto\",\"columns\":3,\"resolutions\":[{\"columnWidth\":\"auto\",\"columns\":3,\"maxWidth\":960},{\"columnWidth\":\"auto\",\"columns\":2,\"maxWidth\":650},{\"columnWidth\":\"auto\",\"columns\":1,\"maxWidth\":450}],\"lightboxOptions\":{\"gallery\":{\"enabled\":true,\"tCounter\":\"%curr% of %total%\"}},\"overlayEffect\":\"direction-aware-fade\",\"boxesToLoadStart\":12,\"boxesToLoad\":8,\"waitUntilThumbLoads\":1,\"LoadingWord\":\"Loading...\",\"loadMoreWord\":\"Load More\",\"noMoreEntriesWord\":\"No More Entries\",\"horizontalSpaceBetweenBoxes\":15,\"verticalSpaceBetweenBoxes\":15,\"lazyLoad\":1,\"wrapContainer\":\"#robo-gallery-wrap-rbs_gallery_6a04625de35db\"};<\/script>\n<p><strong>Tidligere udstillinger:<\/strong><\/p>\n<p><strong>Udstillinger 2026<br \/>\n<\/strong>Fuglsanghus \u2013 Aktiv Kunst \u2013 Atelier Tirsdag<strong><br \/>\n<\/strong><\/p>\n<p><strong>Udstillinger 2025<br \/>\n<\/strong>&#8211; <span style=\"color: #ff0000;\">Censureret udstilling<\/span> \u00c6glageret Holb\u00e6k.<br \/>\n&#8211; N\u00f8debo Kro med Art7<\/p>\n<p><strong>Udstillinger 2024:<br \/>\n<\/strong>&#8211; Fuglsanghus, Art7 &#8211; 10-\u00e5rs jubil\u00e6umsudstilling<\/p>\n<p><strong>Udstillinger 2023<br \/>\n<\/strong>&#8211; Fuglsanghus Sommerudstilling Aktiv Kunst<\/p>\n<p><strong>Udstillinger 2022<br \/>\n<\/strong>&#8211; Bagsv\u00e6rd Kirke, \u201dIndre og ydre landskaber\u201d sammen med Sofie B\u00f8rsting<br \/>\n&#8211; Fuglsanghus Efter\u00e5rsudstilling med Aktiv Kunst<br \/>\n&#8211; N\u00f8debo Kro med Art7<\/p>\n<p><span style=\"color: #000000;\"><strong><span class=\"TextNormal\">Udstillinger 2020<br \/>\n<\/span><\/strong>&#8211; Galleri LB med ART7 Kbh.\u00a0<\/span><\/p>\n<p><span class=\"TextNormal\"><strong>Udstillinger 2019<br \/>\n<\/strong><\/span>&#8211; Fuglsanghus Efter\u00e5rsudstilling med Aktiv Kunst<br \/>\n<span class=\"TextNormal\">&#8211; N\u00f8debo Kro med Art7<br \/>\n<\/span><span class=\"TextNormal\">&#8211; Vinterudstilling i Dysseg\u00e5rdskirkens Sogneg\u00e5rd med Art7<\/span><\/p>\n<p><strong>Udstillinger 2018<\/strong><br \/>\n&#8211; Sommerudstilling med ART7 i Breelteparken<br \/>\n&#8211;<span style=\"color: #ff0000;\"> Censureret <\/span>For\u00e5rsudstilling i Hiller\u00f8d.<br \/>\n&#8211; Marieh\u00f8jcentret,\u00a0\u00d8ver\u00f8dvej 246 B, 2840 Holte &#8211; seperat<\/p>\n<p><strong>Udstillinger 2017<\/strong><br \/>\n&#8211; Fuglsanghus, Efter\u00e5rsudstilling, Aktiv Kunst.<br \/>\n&#8211; Galleri LB, Kbh &#8211; med Art7<small><big><br \/>\n&#8211; Marieh\u00f8jcentret med elever fra Mable Roses Malerskole<\/big><\/small><\/p>\n<p><strong>Udstillinger 2016<\/strong><br \/>\n&#8211; Fuglsanghus, Vinterudstilling, Aktiv Kunst<br \/>\n&#8211; N\u00f8debo Kro med Art7<br \/>\n&#8211; Fuglsanghus, Efter\u00e5rsudstilling, Aktiv Kunst<br \/>\n<span class=\"TextNormal\">&#8211; L\u00e6ge Kasper Reuther, Bagsv\u00e6rd &#8211; seperat<br \/>\n&#8211; <span style=\"color: #ff0000;\">Censureret<\/span> For\u00e5rs<\/span><span class=\"TextNormal\"><small><big>udstilling i Hiller\u00f8d <\/big><\/small><b><small><big><br \/>\n<\/big><\/small><\/b><\/span><span class=\"TextNormal\"><b>&#8211; <\/b>Hvidovre<span style=\"color: #ff0000;\"> Censureret<\/span>\u00a0Udstilling <b><br \/>\n<\/b><\/span><span class=\"TextNormal\"><b><small>\u00a0 \u00a0 <\/small><\/b><\/span><br \/>\n<span class=\"TextNormal\"> <b>Udstillinger 2015<br \/>\n<\/b><\/span><span class=\"TextNormal\">&#8211; <\/span><span class=\"TextNormal\">Hellig\u00e5ndshuset, Str\u00f8get:\u00a0<\/span><span class=\"TextNormal\"><small><big>&#8220;Knald p\u00e5 paletten&#8221; med U19<\/big><\/small><\/span><br \/>\n<span class=\"TextNormal\"> &#8211; Fuglsanghus, H\u00f8rsholm, Aktiv Kunst.<\/span><\/p>\n<p><b>Udstillinger 2014<\/b><br \/>\n&#8211; L\u00e6ge Kasper Reuther, Bagsv\u00e6rd &#8211; seperat<\/p>\n<p><b>Udstillinger 2013<\/b><br \/>\n&#8211; <span class=\"TextNormal\">Galleri LB, Kompagnistr\u00e6de, Kbh K &#8211; seperat<\/span><br \/>\n<span class=\"TextNormal\"> &#8211; <span style=\"color: #ff0000;\">Censureret<\/span> For\u00e5rsudstilling, Hiller\u00f8d<br \/>\n&#8211; <span style=\"color: #ff0000;\">Censureret<\/span> Kunstudstilling, Vestsj\u00e6lland, Kunsth\u00f8jskolen Holb\u00e6k<br \/>\n<\/span><\/p>\n<p><b>Udstillinger 2011<\/b><br \/>\n&#8211; Nordea, Bagsv\u00e6rd &#8211; seperat<br \/>\n&#8211; Kunstforeningen BRFKredit, Lyngby &#8211; seperat<\/p>\n<p><b>Udstillinger 2010<\/b><br \/>\n&#8211; Galleri LB, Kbh &#8211; seperatudstilling<br \/>\n&#8211; Bakkeg\u00e5rden, Bagsv\u00e6rd &#8211; seperat<br \/>\n<b>&#8211; <\/b>Vedb\u00e6k Bibliotek, elever fra Mable Roses Malerskole<\/p>\n<p><b>Udstillinger 2009<br \/>\n&#8211; <\/b>Vedb\u00e6k Bibliotek, elever fra Mable Roses Malerskole<\/p>\n<p><b>Udstillinger 2005<br \/>\n&#8211;<\/b> Bakkeg\u00e5rden, Bagsv\u00e6rd &#8211; seperat<br \/>\n&#8211; &#8220;Administrationshuset&#8221;, Enghave Plads, Kbh &#8211; seperat<\/p>\n","protected":false},"excerpt":{"rendered":"<p>Kommende udstilling: &#8211; Art7 udstiller i Fuglsanghus 30. maj \u2013 21. juni 2026. Fernisering 30. maj kl. 14-16 Tidligere udstillinger: Udstillinger 2026 Fuglsanghus \u2013 Aktiv Kunst \u2013 Atelier Tirsdag Udstillinger 2025 &#8211; Censureret udstilling \u00c6glageret Holb\u00e6k. &#8211; N\u00f8debo Kro med Art7 Udstillinger 2024: &#8211; Fuglsanghus, Art7 &#8211; 10-\u00e5rs jubil\u00e6umsudstilling Udstillinger 2023 &#8211; Fuglsanghus Sommerudstilling Aktiv &hellip; <a href=\"https:\/\/www.loneschulz.dk\/?page_id=45\" class=\"more-link\">L\u00e6s videre <span class=\"screen-reader-text\">Udstillinger<\/span> <span class=\"meta-nav\">&rarr;<\/span><\/a><\/p>\n","protected":false},"author":1,"featured_media":0,"parent":0,"menu_order":0,"comment_status":"closed","ping_status":"closed","template":"","meta":{"footnotes":""},"class_list":["post-45","page","type-page","status-publish","hentry"],"jetpack_sharing_enabled":true,"_links":{"self":[{"href":"https:\/\/www.loneschulz.dk\/index.php?rest_route=\/wp\/v2\/pages\/45","targetHints":{"allow":["GET"]}}],"collection":[{"href":"https:\/\/www.loneschulz.dk\/index.php?rest_route=\/wp\/v2\/pages"}],"about":[{"href":"https:\/\/www.loneschulz.dk\/index.php?rest_route=\/wp\/v2\/types\/page"}],"author":[{"embeddable":true,"href":"https:\/\/www.loneschulz.dk\/index.php?rest_route=\/wp\/v2\/users\/1"}],"replies":[{"embeddable":true,"href":"https:\/\/www.loneschulz.dk\/index.php?rest_route=%2Fwp%2Fv2%2Fcomments&post=45"}],"version-history":[{"count":75,"href":"https:\/\/www.loneschulz.dk\/index.php?rest_route=\/wp\/v2\/pages\/45\/revisions"}],"predecessor-version":[{"id":488,"href":"https:\/\/www.loneschulz.dk\/index.php?rest_route=\/wp\/v2\/pages\/45\/revisions\/488"}],"wp:attachment":[{"href":"https:\/\/www.loneschulz.dk\/index.php?rest_route=%2Fwp%2Fv2%2Fmedia&parent=45"}],"curies":[{"name":"wp","href":"https:\/\/api.w.org\/{rel}","templated":true}]}}