{"id":61,"date":"2017-12-18T10:55:25","date_gmt":"2017-12-18T10:55:25","guid":{"rendered":"http:\/\/ny.loneschulz.dk\/?page_id=61"},"modified":"2024-03-10T07:11:45","modified_gmt":"2024-03-10T07:11:45","slug":"om-lone-schulz","status":"publish","type":"page","link":"https:\/\/www.loneschulz.dk\/","title":{"rendered":"Om Lone Schulz"},"content":{"rendered":"<p>Jeg er l\u00e6reruddannet og har v\u00e6ret ansat p\u00e5 henholdsvis Bordings Friskole og Bagsv\u00e6rd Kostskole og Gymnasium til 2007.<\/p>\n<p>Ved siden af mit arbejde har jeg igennem \u00e5rene malet og taget undervisning i akvarel, grafik, serigrafi, olie- og akrylmaling p\u00e5 skoler og h\u00f8jskoler &#8211; fortrinsvis p\u00e5 Holb\u00e6k Kunsth\u00f8jskole. Jeg har d\u00e9r, men ogs\u00e5 andre steder modtaget undervisning af bl.a. kunstnerne Ninna Wassileffski, Lena Bay, Mette Gitz-Johansen, Thomas Ki\u00e6r, Pia Fonnesbech, Bj\u00f8rn \u00d8ckenholt, Cai Ulrich von Platen, Peter Land, Ulrik Hoff, Hanne Houlberg og Lars Grenaa. Siden 2007 har jeg g\u00e5et p\u00e5 Mable Roses Malerskole p\u00e5 Marieh\u00f8jcentret i Gl. Holte.<\/p>\n<p>Mine motiver er fortrinsvis fra Danmark, Norge, F\u00e6r\u00f8erne og Island. Jeg maler mest landskaber og arbejder ud fra fotos, som jeg selv tager og forenkler til, hvad man kunne kalde en naturalistisk abstraktion.<\/p>\n<p>Inden jeg g\u00e5r i gang med et motiv v\u00e6lger jeg en bestemt farveskala, hvor jeg g\u00e5r ud fra Johannes Ittens farvel\u00e6re, som jeg n\u00e6sten dogmeagtigt holder mig til. S\u00e5ledes beholder jeg ikke n\u00f8dvendigvis lokalfarverne.\u00a0 Jeg arbejder i tynde lag \u2013 flere oven p\u00e5 hinanden, hvilket giver en s\u00e6rlig dybde i farven.<\/p>\n<p>Jeg \u00f8nsker ikke at konkurrere med fotoet, og man m\u00e5 gerne kunne genkende motivet. Jeg pr\u00f8ver at skildre en f\u00f8lelse &#8211; eller mere n\u00f8gternt, &#8211; gengive en samlet oplevelse af motivet gennem komposition og farve. Denne form for flademaleri har jeg arbejdet med siden 2016.<\/p>\n<p>Jeg er med i en gruppe af billedkunstnere. Vi kalder os Art7.<\/p>\n<p>Jeg har udstillet separat, sammen med Art7 og andre. Jeg har ogs\u00e5 deltaget i censurerede udstillinger. Se under \u201dUdstillinger\u201d.<\/p>\n","protected":false},"excerpt":{"rendered":"<p>Jeg er l\u00e6reruddannet og har v\u00e6ret ansat p\u00e5 henholdsvis Bordings Friskole og Bagsv\u00e6rd Kostskole og Gymnasium til 2007. Ved siden af mit arbejde har jeg igennem \u00e5rene malet og taget undervisning i akvarel, grafik, serigrafi, olie- og akrylmaling p\u00e5 skoler og h\u00f8jskoler &#8211; fortrinsvis p\u00e5 Holb\u00e6k Kunsth\u00f8jskole. Jeg har d\u00e9r, men ogs\u00e5 andre steder modtaget &hellip; <a href=\"https:\/\/www.loneschulz.dk\/\" class=\"more-link\">L\u00e6s videre <span class=\"screen-reader-text\">Om Lone Schulz<\/span> <span class=\"meta-nav\">&rarr;<\/span><\/a><\/p>\n","protected":false},"author":1,"featured_media":0,"parent":0,"menu_order":0,"comment_status":"closed","ping_status":"closed","template":"","meta":{"footnotes":""},"class_list":["post-61","page","type-page","status-publish","hentry"],"jetpack_sharing_enabled":true,"_links":{"self":[{"href":"https:\/\/www.loneschulz.dk\/index.php?rest_route=\/wp\/v2\/pages\/61","targetHints":{"allow":["GET"]}}],"collection":[{"href":"https:\/\/www.loneschulz.dk\/index.php?rest_route=\/wp\/v2\/pages"}],"about":[{"href":"https:\/\/www.loneschulz.dk\/index.php?rest_route=\/wp\/v2\/types\/page"}],"author":[{"embeddable":true,"href":"https:\/\/www.loneschulz.dk\/index.php?rest_route=\/wp\/v2\/users\/1"}],"replies":[{"embeddable":true,"href":"https:\/\/www.loneschulz.dk\/index.php?rest_route=%2Fwp%2Fv2%2Fcomments&post=61"}],"version-history":[{"count":11,"href":"https:\/\/www.loneschulz.dk\/index.php?rest_route=\/wp\/v2\/pages\/61\/revisions"}],"predecessor-version":[{"id":422,"href":"https:\/\/www.loneschulz.dk\/index.php?rest_route=\/wp\/v2\/pages\/61\/revisions\/422"}],"wp:attachment":[{"href":"https:\/\/www.loneschulz.dk\/index.php?rest_route=%2Fwp%2Fv2%2Fmedia&parent=61"}],"curies":[{"name":"wp","href":"https:\/\/api.w.org\/{rel}","templated":true}]}}